{"id":16,"date":"2025-08-19T07:25:16","date_gmt":"2025-08-19T07:25:16","guid":{"rendered":"https:\/\/oceanik-tech.com\/?page_id=16"},"modified":"2025-11-18T01:44:30","modified_gmt":"2025-11-18T01:44:30","slug":"domov","status":"publish","type":"page","link":"https:\/\/oceanik-tech.com\/","title":{"rendered":"Domov"},"content":{"rendered":"<section class=\"bde-section-16-100 bde-section\">\n  \n  \n\t\n\n\n\n<div class=\"section-container\"><\/div>\n<\/section><section class=\"bde-section-16-101 bde-section\">\n  \n  \n\t\n\n\n\n<div class=\"section-container\"><div class=\"bde-columns-16-102 bde-columns\"><div class=\"bde-column-16-103 bde-column\">\n  \n  \n\t\n\n\n\n\n<\/div><div class=\"bde-column-16-104 bde-column\">\n  \n  \n\t\n\n\n\n<div class=\"bde-div-16-105 bde-div\">\n  \n  \n\t\n\n\n\n<h1 class=\"bde-heading-16-106 bde-heading\">\nOceanik Tech d.o.o\n<\/h1><div class=\"bde-div-16-107 bde-div\">\n  \n  \n\t\n\n\n\n<h2 class=\"bde-heading-16-108 bde-heading\">\nOdgovorna oseba\n<\/h2><div class=\"bde-text-16-109 bde-text\">\nDavid Verli\u010d\n<\/div>\n<\/div>\n<\/div>\n<\/div><\/div><\/div>\n<\/section><section class=\"bde-section-16-110 bde-section\">\n  \n  \n\t\n\n\n\n<div class=\"section-container\"><div class=\"bde-columns-16-111 bde-columns\"><div class=\"bde-column-16-112 bde-column\">\n  \n  \n\t\n\n\n\n<h2 class=\"bde-heading-16-113 bde-heading\">\nTrajanje\n<\/h2><div class=\"bde-text-16-114 bde-text\">\n03\/2025 \u2013 03\/2027\n<\/div>\n<\/div><div class=\"bde-column-16-115 bde-column\">\n  \n  \n\t\n\n\n\n<h4 class=\"bde-heading-16-116 bde-heading\">\nOC-HULL robot za odstranjevanje obrasti odvodnega dela ladij\n<\/h4>\n<\/div><\/div><\/div>\n<\/section><section class=\"bde-section-16-117 bde-section\">\n  \n  \n\t\n\n\n\n<div class=\"section-container\"><div class=\"bde-columns-16-118 bde-columns\"><div class=\"bde-column-16-119 bde-column\">\n  \n  \n\t\n\n\n\n<h2 class=\"bde-heading-16-120 bde-heading\">\nCelotni prora\u010dun\n<\/h2><div class=\"bde-text-16-121 bde-text\">\n72.000\u20ac\n<\/div>\n<\/div><div class=\"bde-column-16-122 bde-column\">\n  \n  \n\t\n\n\n\n<div class=\"bde-text-16-123 bde-text\">\nPodjetje Oceanik Tech d.o.o. razvija inovativen avtonomni robot OC-HULL za \u010di\u0161\u010denje ladijskih trupov, ki ladjarjem omogo\u010da znatno zmanj\u0161anje porabe goriva ter odpravo potrebe po toksi\u010dnih protivegetativnih premazih. S tem robot prispeva k varovanju morskega ekosistema in ni\u017ejim stro\u0161kom ladjarjev.\n<\/div>\n<\/div><\/div><\/div>\n<\/section><section class=\"bde-section-16-124 bde-section\">\n  \n  \n\t\n\n\n\n<div class=\"section-container\"><div class=\"bde-columns-16-125 bde-columns\"><div class=\"bde-column-16-126 bde-column\">\n  \n  \n\t\n\n\n\n<h2 class=\"bde-heading-16-127 bde-heading\">\nEU-financiranje\n<\/h2><div class=\"bde-text-16-128 bde-text\">\n28.800\u20ac\n<\/div>\n<\/div><div class=\"bde-column-16-129 bde-column\">\n  \n  \n\t\n\n\n\n\n<\/div><\/div><\/div>\n<\/section><section class=\"bde-section-16-130 bde-section\">\n  \n  \n\t\n\n\n\n<div class=\"section-container\"><div class=\"bde-div-16-131 bde-div\">\n  \n  \n\t\n\n\n\n<img decoding=\"async\" class=\"bde-image2-16-132 bde-image2\" src=\"https:\/\/oceanik-tech.com\/wp-content\/uploads\/2025\/11\/Posnetek-zaslona-2025-11-18-024340.jpg\" loading=\"lazy\" sizes=\"(max-width: 245px) 100vw, 245px\"><img decoding=\"async\" class=\"bde-image2-16-133 bde-image2\" src=\"https:\/\/oceanik-tech.com\/wp-content\/uploads\/2025\/11\/Posnetek-zaslona-2025-11-18-024349.jpg\" loading=\"lazy\" sizes=\"(max-width: 137px) 100vw, 137px\"><img decoding=\"async\" class=\"bde-image2-16-134 bde-image2\" src=\"https:\/\/oceanik-tech.com\/wp-content\/uploads\/2025\/11\/Posnetek-zaslona-2025-11-18-024358.jpg\" loading=\"lazy\" sizes=\"(max-width: 123px) 100vw, 123px\">\n<\/div><\/div>\n<\/section><section class=\"bde-section-16-135 bde-section\">\n  \n  \n\t\n\n\n\n<div class=\"section-container\"><a class=\"bde-text-link-16-136 bde-text-link breakdance-link\" href=\"https:\/\/evropskasredstva.si\" target=\"_self\" data-type=\"url\">\n  <blockquote class=\"wp-embedded-content\" data-secret=\"o9Rap5XJaw\"><a href=\"https:\/\/evropskasredstva.si\/\">Portal<\/a><\/blockquote><iframe loading=\"lazy\" class=\"wp-embedded-content\" sandbox=\"allow-scripts\" security=\"restricted\" style=\"position: absolute; visibility: hidden;\" title=\"&#8220;Portal&#8221; &#8212; Evropska sredstva\" src=\"https:\/\/evropskasredstva.si\/embed\/#?secret=e2o4QnJiVU#?secret=o9Rap5XJaw\" data-secret=\"o9Rap5XJaw\" width=\"500\" height=\"282\" frameborder=\"0\" marginwidth=\"0\" marginheight=\"0\" scrolling=\"no\"><\/iframe>\n\n<\/a><\/div>\n<\/section>","protected":false},"excerpt":{"rendered":"<p>Oceanik Tech d.o.o Odgovorna oseba David Verli\u010d Trajanje 03\/2025 \u2013 03\/2027 OC-HULL robot za odstranjevanje obrasti odvodnega dela ladij Celotni prora\u010dun 72.000\u20ac Podjetje Oceanik Tech d.o.o. razvija inovativen avtonomni robot OC-HULL za \u010di\u0161\u010denje ladijskih trupov, ki ladjarjem omogo\u010da znatno zmanj\u0161anje porabe goriva ter odpravo potrebe po toksi\u010dnih protivegetativnih premazih. S tem robot prispeva k varovanju [&hellip;]<\/p>\n","protected":false},"author":1,"featured_media":0,"parent":0,"menu_order":0,"comment_status":"closed","ping_status":"closed","template":"","meta":{"_breakdance_hide_in_design_set":false,"_breakdance_tags":"","footnotes":""},"class_list":["post-16","page","type-page","status-publish","hentry"],"_links":{"self":[{"href":"https:\/\/oceanik-tech.com\/index.php?rest_route=\/wp\/v2\/pages\/16","targetHints":{"allow":["GET"]}}],"collection":[{"href":"https:\/\/oceanik-tech.com\/index.php?rest_route=\/wp\/v2\/pages"}],"about":[{"href":"https:\/\/oceanik-tech.com\/index.php?rest_route=\/wp\/v2\/types\/page"}],"author":[{"embeddable":true,"href":"https:\/\/oceanik-tech.com\/index.php?rest_route=\/wp\/v2\/users\/1"}],"replies":[{"embeddable":true,"href":"https:\/\/oceanik-tech.com\/index.php?rest_route=%2Fwp%2Fv2%2Fcomments&post=16"}],"version-history":[{"count":6,"href":"https:\/\/oceanik-tech.com\/index.php?rest_route=\/wp\/v2\/pages\/16\/revisions"}],"predecessor-version":[{"id":28,"href":"https:\/\/oceanik-tech.com\/index.php?rest_route=\/wp\/v2\/pages\/16\/revisions\/28"}],"wp:attachment":[{"href":"https:\/\/oceanik-tech.com\/index.php?rest_route=%2Fwp%2Fv2%2Fmedia&parent=16"}],"curies":[{"name":"wp","href":"https:\/\/api.w.org\/{rel}","templated":true}]}}